{"id":1291,"date":"2025-02-17T11:09:44","date_gmt":"2025-02-17T11:09:44","guid":{"rendered":"https:\/\/buenosairesimage.solutions\/copyright-policy\/"},"modified":"2025-03-31T21:50:32","modified_gmt":"2025-03-31T21:50:32","slug":"politica-copyright","status":"publish","type":"page","link":"https:\/\/buenosairesimage.solutions\/es\/politica-copyright\/","title":{"rendered":"Pol\u00edtica de copyright"},"content":{"rendered":"\t\t<div data-elementor-type=\"wp-page\" data-elementor-id=\"1291\" class=\"elementor elementor-1291 elementor-1109\" data-elementor-post-type=\"page\">\n\t\t\t\t<div class=\"elementor-element elementor-element-31b0cd0d e-flex e-con-boxed e-con e-parent\" data-id=\"31b0cd0d\" data-element_type=\"container\" data-e-type=\"container\">\n\t\t\t\t\t<div class=\"e-con-inner\">\n\t\t\t\t<div class=\"elementor-element elementor-element-4ffc541b elementor-widget elementor-widget-heading\" data-id=\"4ffc541b\" data-element_type=\"widget\" data-e-type=\"widget\" data-widget_type=\"heading.default\">\n\t\t\t\t<div class=\"elementor-widget-container\">\n\t\t\t\t\t<h1 class=\"elementor-heading-title elementor-size-default\">Pol\u00edtica de copyright<\/h1>\t\t\t\t<\/div>\n\t\t\t\t<\/div>\n\t\t\t\t<div class=\"elementor-element elementor-element-514fcb33 elementor-widget elementor-widget-text-editor\" data-id=\"514fcb33\" data-element_type=\"widget\" data-e-type=\"widget\" data-widget_type=\"text-editor.default\">\n\t\t\t\t<div class=\"elementor-widget-container\">\n\t\t\t\t\t\t\t\t\t<div class=\"elementor-element elementor-element-2443844d elementor-widget elementor-widget-heading\" data-id=\"2443844d\" data-element_type=\"widget\" data-widget_type=\"heading.default\"><div class=\"elementor-widget-container\"><h3>1. Introducci\u00f3n<\/h3><p>Buenos Aires Image Solutions se compromete a proteger los derechos de propiedad intelectual de nuestros fot\u00f3grafos y a garantizar el uso adecuado de todo el contenido visual. Esta pol\u00edtica de derechos de autor describe la propiedad, los usos permitidos y las restricciones relativas a las im\u00e1genes producidas y distribuidas por nuestra agencia.<\/p><h3>\u00a0<\/h3><h3>2. Propiedad intelectual<\/h3><p>Todas las fotograf\u00edas, videos e im\u00e1genes digitales creadas por o en nombre de Buenos Aires Image Solutions son propiedad exclusiva de la Compa\u00f1\u00eda y\/o de los respectivos fot\u00f3grafos que nos han licenciado su trabajo. Estas obras est\u00e1n protegidas por la ley argentina de derechos de autor (Ley N\u00ba 11.723) y los acuerdos internacionales de derechos de autor.<\/p><h3>\u00a0<\/h3><h3>3. Usos permitidos<\/h3><p>Los clientes y terceros pueden utilizar nuestras im\u00e1genes bajo las siguientes condiciones:<\/p><ul data-spread=\"false\"><li><p>Con permiso expl\u00edcito por escrito o un acuerdo de licencia emitido por Buenos Aires Image Solutions.<\/p><\/li><li><p>Bajo los t\u00e9rminos especificados en una licencia adquirida (por ejemplo, libre de regal\u00edas, derechos gestionados).<\/p><\/li><li><p>Para fines personales, editoriales, comerciales u otros fines espec\u00edficos, seg\u00fan lo acordado en el contrato de licencia.<\/p><\/li><\/ul><h2>\u00a0<\/h2><h3>4. Usos prohibidos<\/h3><p>Sin el consentimiento previo por escrito, las siguientes acciones est\u00e1n estrictamente prohibidas:<\/p><ul data-spread=\"false\"><li><p>Copiar, reproducir o distribuir nuestras im\u00e1genes con fines comerciales sin autorizaci\u00f3n.<\/p><\/li><li><p>Modificar, alterar o crear obras derivadas sin la debida licencia.<\/p><\/li><li><p>Vender, sublicenciar o transferir derechos de imagen a terceros.<\/p><\/li><li><p>Utilizar im\u00e1genes de forma difamatoria, ilegal o enga\u00f1osa.<\/p><\/li><li><p>Eliminar o alterar marcas de agua o metadatos de derechos de autor.<\/p><\/li><\/ul><h3>\u00a0<\/h3><h3>5. Licencias y tasas<\/h3><p>Todas las licencias de im\u00e1genes est\u00e1n sujetas a tarifas basadas en el uso, la distribuci\u00f3n y la duraci\u00f3n previstos. Los clientes deben cumplir las condiciones establecidas en el acuerdo de licencia espec\u00edfico que adquieran. El uso no autorizado puede dar lugar a acciones legales y sanciones econ\u00f3micas.<\/p><h3>\u00a0<\/h3><h3>6. Infracci\u00f3n de derechos de autor<\/h3><p>Buenos Aires Image Solutions vigila activamente el uso no autorizado de sus im\u00e1genes. Si se detecta una infracci\u00f3n de los derechos de autor, nos reservamos el derecho de emprender acciones legales, incluida la emisi\u00f3n de avisos de cese y desistimiento, la b\u00fasqueda de una compensaci\u00f3n econ\u00f3mica y la interposici\u00f3n de acciones judiciales en virtud de la legislaci\u00f3n argentina e internacional sobre derechos de autor.<\/p><h3>\u00a0<\/h3><h3>7. Notificaci\u00f3n de infracciones de los derechos de autor<\/h3><p>Si cree que alguna de nuestras im\u00e1genes se ha utilizado sin la debida autorizaci\u00f3n, p\u00f3ngase en contacto con nosotros en:<\/p><p><strong>Email:<\/strong> contact@buenosairesimage.solutions<br \/><strong>Direcci\u00f3n:<\/strong> Buenos Aires, Argentina<\/p><h3>\u00a0<\/h3><h3>8. Modificaciones<\/h3><p>Buenos Aires Image Solutions se reserva el derecho de actualizar o modificar esta Pol\u00edtica de Derechos de Autor en cualquier momento. Los cambios entrar\u00e1n en vigor en el momento de su publicaci\u00f3n en nuestro sitio web u otros canales de comunicaci\u00f3n oficiales.<\/p><div>\u00a0<\/div><div>\u00a0<\/div><div>Para m\u00e1s informaci\u00f3n sobre derechos de autor y licencias, p\u00f3ngase en contacto con nosotros en contact@buenosairesimage.solutions<\/div><\/div><\/div>\t\t\t\t\t\t\t\t<\/div>\n\t\t\t\t<\/div>\n\t\t\t\t\t<\/div>\n\t\t\t\t<\/div>\n\t\t\t\t<\/div>\n\t\t","protected":false},"excerpt":{"rendered":"<p>Pol\u00edtica de copyright 1. Introducci\u00f3n Buenos Aires Image Solutions se compromete a proteger los derechos de propiedad intelectual de nuestros fot\u00f3grafos y a garantizar el uso adecuado de todo el contenido visual. Esta pol\u00edtica de derechos de autor describe la propiedad, los usos permitidos y las restricciones relativas a las im\u00e1genes producidas y distribuidas por [&hellip;]<\/p>\n","protected":false},"author":1,"featured_media":0,"parent":0,"menu_order":0,"comment_status":"closed","ping_status":"closed","template":"","meta":{"footnotes":""},"class_list":["post-1291","page","type-page","status-publish","hentry"],"_links":{"self":[{"href":"https:\/\/buenosairesimage.solutions\/es\/wp-json\/wp\/v2\/pages\/1291","targetHints":{"allow":["GET"]}}],"collection":[{"href":"https:\/\/buenosairesimage.solutions\/es\/wp-json\/wp\/v2\/pages"}],"about":[{"href":"https:\/\/buenosairesimage.solutions\/es\/wp-json\/wp\/v2\/types\/page"}],"author":[{"embeddable":true,"href":"https:\/\/buenosairesimage.solutions\/es\/wp-json\/wp\/v2\/users\/1"}],"replies":[{"embeddable":true,"href":"https:\/\/buenosairesimage.solutions\/es\/wp-json\/wp\/v2\/comments?post=1291"}],"version-history":[{"count":0,"href":"https:\/\/buenosairesimage.solutions\/es\/wp-json\/wp\/v2\/pages\/1291\/revisions"}],"wp:attachment":[{"href":"https:\/\/buenosairesimage.solutions\/es\/wp-json\/wp\/v2\/media?parent=1291"}],"curies":[{"name":"wp","href":"https:\/\/api.w.org\/{rel}","templated":true}]}}