{"id":1334,"date":"2024-06-12T17:58:33","date_gmt":"2024-06-12T17:58:33","guid":{"rendered":"https:\/\/buenosairesimage.solutions\/privacy-policy\/"},"modified":"2025-03-31T21:50:03","modified_gmt":"2025-03-31T21:50:03","slug":"politica-privacidad","status":"publish","type":"page","link":"https:\/\/buenosairesimage.solutions\/es\/politica-privacidad\/","title":{"rendered":"Pol\u00edtica de privacidad"},"content":{"rendered":"\t\t<div data-elementor-type=\"wp-page\" data-elementor-id=\"1334\" class=\"elementor elementor-1334 elementor-3\" data-elementor-post-type=\"page\">\n\t\t\t\t<div class=\"elementor-element elementor-element-3dfed03 e-flex e-con-boxed e-con e-parent\" data-id=\"3dfed03\" data-element_type=\"container\" data-e-type=\"container\">\n\t\t\t\t\t<div class=\"e-con-inner\">\n\t\t\t\t<div class=\"elementor-element elementor-element-69fe0dd elementor-widget elementor-widget-heading\" data-id=\"69fe0dd\" data-element_type=\"widget\" data-e-type=\"widget\" data-widget_type=\"heading.default\">\n\t\t\t\t<div class=\"elementor-widget-container\">\n\t\t\t\t\t<h1 class=\"elementor-heading-title elementor-size-default\">Pol\u00edtica de privacidad<\/h1>\t\t\t\t<\/div>\n\t\t\t\t<\/div>\n\t\t\t\t<div class=\"elementor-element elementor-element-92358a0 elementor-widget elementor-widget-text-editor\" data-id=\"92358a0\" data-element_type=\"widget\" data-e-type=\"widget\" data-widget_type=\"text-editor.default\">\n\t\t\t\t<div class=\"elementor-widget-container\">\n\t\t\t\t\t\t\t\t\t<div class=\"elementor-element elementor-element-2443844d elementor-widget elementor-widget-heading\" data-id=\"2443844d\" data-element_type=\"widget\" data-widget_type=\"heading.default\"><p class=\"elementor-widget-container\">\u00a0<\/p><\/div><div class=\"elementor-widget-container\"><p>Aqu\u00ed, en https:\/\/buenosairesimage.solutions, una de nuestras principales prioridades es la privacidad de nuestros visitantes. Este documento de Pol\u00edtica de Privacidad contiene los tipos de informaci\u00f3n que son recogidos y registrados por Buenos Aires Image Solutions, y c\u00f3mo la utilizamos.<\/p><p>Si tiene preguntas adicionales o necesita m\u00e1s informaci\u00f3n sobre nuestra Pol\u00edtica de Privacidad, no dude en ponerse en contacto con nosotros a trav\u00e9s del correo electr\u00f3nico: contact@buenosairesimage.solutions.<\/p><\/div><div class=\"elementor-widget-container\"><p>Buenos Aires Image Solutions sigue un procedimiento est\u00e1ndar de utilizaci\u00f3n de archivos de registro. Estos archivos registran a los visitantes cuando visitan los sitios web. Todas las empresas de alojamiento hacen esto y forma parte de los an\u00e1lisis de los servicios de alojamiento. La informaci\u00f3n recogida por los archivos de registro incluye direcciones de protocolo de Internet (IP), tipo de navegador, proveedor de servicios de Internet (ISP), sello de fecha y hora, p\u00e1ginas de referencia\/salida y, posiblemente, el n\u00famero de clics. Estos datos no est\u00e1n vinculados a ninguna informaci\u00f3n que permita la identificaci\u00f3n personal. El prop\u00f3sito de la informaci\u00f3n es analizar tendencias, administrar el sitio, rastrear los movimientos de los usuarios en el sitio web y recopilar informaci\u00f3n demogr\u00e1fica.<\/p><\/div><div class=\"elementor-widget-container\"><p>Los servidores o redes publicitarias de terceros utilizan tecnolog\u00edas como cookies, JavaScript o Web Beacons que son utilizadas en sus respectivos anuncios y enlaces que aparecen en Buenos Aires Image Solutions, los cuales son enviados directamente al navegador de los usuarios. Cuando esto ocurre, reciben autom\u00e1ticamente su direcci\u00f3n IP. Estas tecnolog\u00edas se utilizan para medir la eficacia de sus campa\u00f1as publicitarias y\/o para personalizar el contenido publicitario que usted ve en los sitios web que visita.<\/p><p>Tenga en cuenta que Buenos Aires Image Solutions no tiene acceso ni control sobre estas cookies que son utilizadas por terceros anunciantes.<\/p><\/div><div class=\"elementor-widget-container\"><p>La Pol\u00edtica de Privacidad de Buenos Aires Image Solutions no se aplica a otros anunciantes o sitios web. Por lo tanto, le aconsejamos que consulte las respectivas Pol\u00edticas de Privacidad de estos servidores de anuncios de terceros para obtener informaci\u00f3n m\u00e1s detallada. Puede incluir sus pr\u00e1cticas e instrucciones sobre c\u00f3mo optar por no participar en ciertas opciones.<\/p><p>Puede optar por desactivar las cookies a trav\u00e9s de las opciones individuales de su navegador. Para obtener informaci\u00f3n m\u00e1s detallada sobre la gesti\u00f3n de cookies con navegadores web espec\u00edficos, puede consultar los sitios web respectivos de los navegadores.<\/p><\/div><div class=\"elementor-widget-container\"><p>Esta Pol\u00edtica de Privacidad se aplica \u00fanicamente a nuestras actividades en l\u00ednea y es v\u00e1lida para los visitantes de nuestro sitio web con respecto a la informaci\u00f3n que compartieron y\/o recopilaron con Buenos Aires Image Solutions. Esta pol\u00edtica no es aplicable a ninguna informaci\u00f3n recopilada fuera de l\u00ednea o a trav\u00e9s de canales distintos de este sitio web.<\/p><\/div><div class=\"elementor-element elementor-element-d6b545d elementor-widget elementor-widget-text-editor\" data-id=\"d6b545d\" data-element_type=\"widget\" data-widget_type=\"text-editor.default\"><div class=\"elementor-widget-container\"><p>Al utilizar nuestro sitio web, acepta nuestra Pol\u00edtica de privacidad y est\u00e1 de acuerdo con sus T\u00e9rminos y condiciones.<\/p><\/div><\/div>\t\t\t\t\t\t\t\t<\/div>\n\t\t\t\t<\/div>\n\t\t\t\t\t<\/div>\n\t\t\t\t<\/div>\n\t\t\t\t<\/div>\n\t\t","protected":false},"excerpt":{"rendered":"<p>Pol\u00edtica de privacidad \u00a0 Aqu\u00ed, en https:\/\/buenosairesimage.solutions, una de nuestras principales prioridades es la privacidad de nuestros visitantes. Este documento de Pol\u00edtica de Privacidad contiene los tipos de informaci\u00f3n que son recogidos y registrados por Buenos Aires Image Solutions, y c\u00f3mo la utilizamos. Si tiene preguntas adicionales o necesita m\u00e1s informaci\u00f3n sobre nuestra Pol\u00edtica de [&hellip;]<\/p>\n","protected":false},"author":1,"featured_media":0,"parent":0,"menu_order":0,"comment_status":"closed","ping_status":"open","template":"","meta":{"footnotes":""},"class_list":["post-1334","page","type-page","status-publish","hentry"],"_links":{"self":[{"href":"https:\/\/buenosairesimage.solutions\/es\/wp-json\/wp\/v2\/pages\/1334","targetHints":{"allow":["GET"]}}],"collection":[{"href":"https:\/\/buenosairesimage.solutions\/es\/wp-json\/wp\/v2\/pages"}],"about":[{"href":"https:\/\/buenosairesimage.solutions\/es\/wp-json\/wp\/v2\/types\/page"}],"author":[{"embeddable":true,"href":"https:\/\/buenosairesimage.solutions\/es\/wp-json\/wp\/v2\/users\/1"}],"replies":[{"embeddable":true,"href":"https:\/\/buenosairesimage.solutions\/es\/wp-json\/wp\/v2\/comments?post=1334"}],"version-history":[{"count":0,"href":"https:\/\/buenosairesimage.solutions\/es\/wp-json\/wp\/v2\/pages\/1334\/revisions"}],"wp:attachment":[{"href":"https:\/\/buenosairesimage.solutions\/es\/wp-json\/wp\/v2\/media?parent=1334"}],"curies":[{"name":"wp","href":"https:\/\/api.w.org\/{rel}","templated":true}]}}